{"id":69,"date":"2024-01-05T08:40:38","date_gmt":"2024-01-05T07:40:38","guid":{"rendered":"https:\/\/bosquemar.com\/tienda\/?post_type=product&#038;p=69"},"modified":"2024-02-02T10:20:32","modified_gmt":"2024-02-02T09:20:32","slug":"experiencia-spa","status":"publish","type":"product","link":"https:\/\/bosquemar.com\/tienda\/producto\/experiencia-spa\/","title":{"rendered":"Experiencia Spa"},"content":{"rendered":"<p>Al hacer tu compra, se descargar\u00e1 autom\u00e1ticamente la tarjeta regalo en formato PDF a tu ordenador. En la misma tarjeta ver\u00e1s las condiciones y las forma de reserva, contactando con el hotel para hacer la reserva de tu estancia, que ser\u00e1 bajo disponibilidad.<\/p>\n<p>Esta tarjeta regalo no podr\u00e1 ser canjeada durante los meses de julio y agosto.<\/p>\n<p>Si seleccionas dos noches, el r\u00e9gimen ser\u00e1 de alojamiento en habitaci\u00f3n doble + desayuno<\/p>\n","protected":false},"excerpt":{"rendered":"<p>Alojamiento en nuestras habitaciones dobles, desayunos incluidos y un acceso a nuestra zona spa. Regala una experiencia centrada en el bienestar y el relax con un precio \u00fanico. Una experiencia ideal para descubrir las R\u00edas Baixas desde Bosque Mar.<\/p>\n<p>&nbsp;<\/p>\n<h4><strong>ESTA EXPERIENCIA SPA INCLUYE:<\/strong><\/h4>\n<ul>\n<li><strong>UNA NOCHE DE ALOJAMIENTO EN HABITACI\u00d3N DOBLE<\/strong><\/li>\n<li><strong>DESAYUNO BUFFET<\/strong><\/li>\n<li><strong>ACCESO A LA ZONA SPA &amp; RELAX<\/strong><\/li>\n<li><strong>DETALLE DE BIENVENIDA<\/strong><\/li>\n<\/ul>\n","protected":false},"featured_media":28,"comment_status":"open","ping_status":"closed","template":"","meta":{"_et_pb_use_builder":"","_et_pb_old_content":"","_et_gb_content_width":""},"product_brand":[],"product_cat":[18],"product_tag":[],"class_list":{"0":"post-69","1":"product","2":"type-product","3":"status-publish","4":"has-post-thumbnail","6":"product_cat-experiencias","8":"first","9":"instock","10":"taxable","11":"shipping-taxable","12":"purchasable","13":"product-type-variable"},"_links":{"self":[{"href":"https:\/\/bosquemar.com\/tienda\/wp-json\/wp\/v2\/product\/69","targetHints":{"allow":["GET"]}}],"collection":[{"href":"https:\/\/bosquemar.com\/tienda\/wp-json\/wp\/v2\/product"}],"about":[{"href":"https:\/\/bosquemar.com\/tienda\/wp-json\/wp\/v2\/types\/product"}],"replies":[{"embeddable":true,"href":"https:\/\/bosquemar.com\/tienda\/wp-json\/wp\/v2\/comments?post=69"}],"wp:featuredmedia":[{"embeddable":true,"href":"https:\/\/bosquemar.com\/tienda\/wp-json\/wp\/v2\/media\/28"}],"wp:attachment":[{"href":"https:\/\/bosquemar.com\/tienda\/wp-json\/wp\/v2\/media?parent=69"}],"wp:term":[{"taxonomy":"product_brand","embeddable":true,"href":"https:\/\/bosquemar.com\/tienda\/wp-json\/wp\/v2\/product_brand?post=69"},{"taxonomy":"product_cat","embeddable":true,"href":"https:\/\/bosquemar.com\/tienda\/wp-json\/wp\/v2\/product_cat?post=69"},{"taxonomy":"product_tag","embeddable":true,"href":"https:\/\/bosquemar.com\/tienda\/wp-json\/wp\/v2\/product_tag?post=69"}],"curies":[{"name":"wp","href":"https:\/\/api.w.org\/{rel}","templated":true}]}}