{"id":39,"date":"2024-01-03T10:43:43","date_gmt":"2024-01-03T09:43:43","guid":{"rendered":"https:\/\/bosquemar.com\/tienda\/?post_type=product&#038;p=39"},"modified":"2025-08-12T10:42:04","modified_gmt":"2025-08-12T08:42:04","slug":"experiencia-gastronomica","status":"publish","type":"product","link":"https:\/\/bosquemar.com\/tienda\/producto\/experiencia-gastronomica\/","title":{"rendered":"Experiencia Gastron\u00f3mica"},"content":{"rendered":"<p>Al hacer tu compra, se descargar\u00e1 autom\u00e1ticamente la tarjeta regalo en formato PDF a tu ordenador. En la misma tarjeta ver\u00e1s las condiciones y las forma de reserva, contactando con el hotel para hacer la reserva de tu estancia, que ser\u00e1 bajo disponibilidad.<\/p>\n<p>Esta tarjeta regalo no podr\u00e1 ser canjeada durante los meses de julio y agosto.<\/p>\n<p>Si seleccionas dos noches, el r\u00e9gimen ser\u00e1 de alojamiento en habitaci\u00f3n doble + desayuno + cena para dos personas con men\u00fa a elegir durante la segunda noche.<\/p>\n","protected":false},"excerpt":{"rendered":"<p>Regala una experiencia centrada la mejor gastronom\u00eda gallega durante un fin de semana muy especial en O Grove. Los men\u00fas de esta escapada ir\u00e1n cambiando a lo largo del a\u00f1o con el objetivo de ofrecerte siempre productos de temporada<\/p>\n<p>&nbsp;<\/p>\n<h4><strong>ESTA EXPERIENCIA GASTRON\u00d3MICA INCLUYE:<\/strong><\/h4>\n<ul>\n<li><strong>UNA NOCHE DE ALOJAMIENTO EN HABITACI\u00d3N DOBLE + DESAYUNO BUFFET<\/strong><\/li>\n<li><strong>CENA: MEN\u00da DEGUSTACI\u00d3N<\/strong><\/li>\n<li><strong>ACCESO A LA ZONA SPA &amp; RELAX<\/strong><\/li>\n<li><strong>DETALLE DE BIENVENIDA<\/strong><\/li>\n<\/ul>\n","protected":false},"featured_media":49,"comment_status":"open","ping_status":"closed","template":"","meta":{"_et_pb_use_builder":"","_et_pb_old_content":"","_et_gb_content_width":""},"product_brand":[],"product_cat":[18],"product_tag":[],"class_list":{"0":"post-39","1":"product","2":"type-product","3":"status-publish","4":"has-post-thumbnail","6":"product_cat-experiencias","8":"first","9":"instock","10":"taxable","11":"shipping-taxable","12":"purchasable","13":"product-type-variable"},"_links":{"self":[{"href":"https:\/\/bosquemar.com\/tienda\/wp-json\/wp\/v2\/product\/39","targetHints":{"allow":["GET"]}}],"collection":[{"href":"https:\/\/bosquemar.com\/tienda\/wp-json\/wp\/v2\/product"}],"about":[{"href":"https:\/\/bosquemar.com\/tienda\/wp-json\/wp\/v2\/types\/product"}],"replies":[{"embeddable":true,"href":"https:\/\/bosquemar.com\/tienda\/wp-json\/wp\/v2\/comments?post=39"}],"wp:featuredmedia":[{"embeddable":true,"href":"https:\/\/bosquemar.com\/tienda\/wp-json\/wp\/v2\/media\/49"}],"wp:attachment":[{"href":"https:\/\/bosquemar.com\/tienda\/wp-json\/wp\/v2\/media?parent=39"}],"wp:term":[{"taxonomy":"product_brand","embeddable":true,"href":"https:\/\/bosquemar.com\/tienda\/wp-json\/wp\/v2\/product_brand?post=39"},{"taxonomy":"product_cat","embeddable":true,"href":"https:\/\/bosquemar.com\/tienda\/wp-json\/wp\/v2\/product_cat?post=39"},{"taxonomy":"product_tag","embeddable":true,"href":"https:\/\/bosquemar.com\/tienda\/wp-json\/wp\/v2\/product_tag?post=39"}],"curies":[{"name":"wp","href":"https:\/\/api.w.org\/{rel}","templated":true}]}}