{"id":86,"date":"2024-01-09T09:50:54","date_gmt":"2024-01-09T08:50:54","guid":{"rendered":"https:\/\/bosquemar.com\/tienda\/?page_id=86"},"modified":"2024-02-02T10:14:54","modified_gmt":"2024-02-02T09:14:54","slug":"experiencias-bosquemar","status":"publish","type":"page","link":"https:\/\/bosquemar.com\/tienda\/experiencias-bosquemar\/","title":{"rendered":"Las Experiencias Bosque Mar"},"content":{"rendered":"<p>[et_pb_section fb_built=\u00bb1&#8243; custom_padding_last_edited=\u00bbon|phone\u00bb _builder_version=\u00bb4.23.2&#8243; _module_preset=\u00bbdefault\u00bb background_color=\u00bbrgba(0,0,0,0.29)\u00bb background_image=\u00bbhttps:\/\/bosquemar.com\/tienda\/wp-content\/uploads\/2024\/01\/UE-5709-scaled.jpg\u00bb background_blend=\u00bboverlay\u00bb custom_padding=\u00bb393px||393px||true|\u00bb custom_padding_tablet=\u00bb393px||393px||true|\u00bb custom_padding_phone=\u00bb240px||240px||true|false\u00bb global_colors_info=\u00bb{}\u00bb][et_pb_row _builder_version=\u00bb4.17.6&#8243; _module_preset=\u00bbdefault\u00bb global_colors_info=\u00bb{}\u00bb][et_pb_column type=\u00bb4_4&#8243; _builder_version=\u00bb4.17.4&#8243; _module_preset=\u00bbdefault\u00bb global_colors_info=\u00bb{}\u00bb][et_pb_text _builder_version=\u00bb4.23.2&#8243; _module_preset=\u00bbdefault\u00bb header_font=\u00bbRoboto|500|||||||\u00bb header_text_align=\u00bbcenter\u00bb header_text_color=\u00bb#FFFFFF\u00bb header_font_size=\u00bb40px\u00bb header_2_font=\u00bbRoboto|300|||||||\u00bb header_2_text_align=\u00bbcenter\u00bb header_2_text_color=\u00bb#FFFFFF\u00bb global_colors_info=\u00bb{}\u00bb]<\/p>\n<h1>LAS EXPERIENCIAS<\/h1>\n<h2>CONVERTIDAS EN TARJETA REGALO<\/h2>\n<p>[\/et_pb_text][\/et_pb_column][\/et_pb_row][\/et_pb_section][et_pb_section fb_built=\u00bb1&#8243; admin_label=\u00bbWelcome Section\u00bb _builder_version=\u00bb4.16&#8243; _module_preset=\u00bbdefault\u00bb custom_padding=\u00bb|||\u00bb global_colors_info=\u00bb{}\u00bb][et_pb_row _builder_version=\u00bb4.16&#8243; _module_preset=\u00bbdefault\u00bb global_colors_info=\u00bb{}\u00bb][et_pb_column type=\u00bb4_4&#8243; _builder_version=\u00bb4.16&#8243; _module_preset=\u00bbdefault\u00bb custom_padding=\u00bb|||\u00bb global_colors_info=\u00bb{}\u00bb custom_padding__hover=\u00bb|||\u00bb][et_pb_text admin_label=\u00bbWelcome Text\u00bb _builder_version=\u00bb4.23.2&#8243; _module_preset=\u00bbdefault\u00bb text_font=\u00bbRoboto|300||on|||||\u00bb text_text_color=\u00bb#2a2a2a\u00bb text_font_size=\u00bb30px\u00bb text_line_height=\u00bb1.5em\u00bb text_orientation=\u00bbcenter\u00bb max_width=\u00bb710px\u00bb module_alignment=\u00bbcenter\u00bb custom_margin=\u00bb|||\u00bb custom_padding=\u00bb10px||6px|||\u00bb animation_style=\u00bbfade\u00bb text_font_size_tablet=\u00bb30px\u00bb text_font_size_phone=\u00bb21px\u00bb text_font_size_last_edited=\u00bbon|phone\u00bb global_colors_info=\u00bb{}\u00bb]<\/p>\n<p>ESTAS SON LAS TRES EXPERIENCIAS BOSQUE MAR QUE PODR\u00c1S ADQUIRIR CONVERTIDAS EN TARJETA REGALO QUE SE DESCARGAR\u00c1 AUTOM\u00c1TICAMENTE<\/p>\n<p>[\/et_pb_text][\/et_pb_column][\/et_pb_row][\/et_pb_section][et_pb_section fb_built=\u00bb1&#8243; admin_label=\u00bbFeatures\u00bb _builder_version=\u00bb4.23.2&#8243; _module_preset=\u00bbdefault\u00bb background_color=\u00bbrgba(68,170,221,0.83)\u00bb custom_padding=\u00bb|||\u00bb locked=\u00bboff\u00bb collapsed=\u00bboff\u00bb global_colors_info=\u00bb{}\u00bb][et_pb_row column_structure=\u00bb1_3,1_3,1_3&#8243; _builder_version=\u00bb4.16&#8243; _module_preset=\u00bbdefault\u00bb collapsed=\u00bboff\u00bb global_colors_info=\u00bb{}\u00bb][et_pb_column type=\u00bb1_3&#8243; _builder_version=\u00bb4.16&#8243; _module_preset=\u00bbdefault\u00bb custom_padding=\u00bb|||\u00bb global_colors_info=\u00bb{}\u00bb custom_padding__hover=\u00bb|||\u00bb][et_pb_text admin_label=\u00bbNumber\u00bb _builder_version=\u00bb4.23.2&#8243; _module_preset=\u00bbdefault\u00bb text_font=\u00bbRoboto||||\u00bb text_text_color=\u00bb#FFFFFF\u00bb text_font_size=\u00bb60px\u00bb custom_margin=\u00bb|||\u00bb custom_padding=\u00bb||10px|\u00bb animation_style=\u00bbfade\u00bb global_colors_info=\u00bb{}\u00bb]<\/p>\n<p>01<\/p>\n<p>[\/et_pb_text][et_pb_text admin_label=\u00bbTitle\u00bb _builder_version=\u00bb4.23.2&#8243; _module_preset=\u00bbdefault\u00bb text_font=\u00bb||||||||\u00bb header_font=\u00bb||||||||\u00bb header_2_font=\u00bb||||||||\u00bb header_4_font=\u00bbRoboto|700||on|||||\u00bb header_4_text_color=\u00bb#FFFFFF\u00bb header_4_letter_spacing=\u00bb1px\u00bb header_4_line_height=\u00bb1.4em\u00bb custom_margin=\u00bb||10px|\u00bb custom_padding=\u00bb|||\u00bb animation_style=\u00bbfade\u00bb global_colors_info=\u00bb{}\u00bb]<\/p>\n<h4>Elige entRE LAS TRES \u00abEXPERIECIAS BOSQUE MAR\u00bb QUE TE PROPONEMOS<\/h4>\n<p>[\/et_pb_text][et_pb_divider color=\u00bb#000000&#8243; divider_weight=\u00bb2px\u00bb disabled_on=\u00bbon|on|off\u00bb _builder_version=\u00bb4.17.4&#8243; _module_preset=\u00bbdefault\u00bb max_width=\u00bb50px\u00bb animation_style=\u00bbfade\u00bb global_colors_info=\u00bb{}\u00bb][\/et_pb_divider][\/et_pb_column][et_pb_column type=\u00bb1_3&#8243; _builder_version=\u00bb4.16&#8243; _module_preset=\u00bbdefault\u00bb custom_padding=\u00bb|||\u00bb global_colors_info=\u00bb{}\u00bb custom_padding__hover=\u00bb|||\u00bb][et_pb_text admin_label=\u00bbNumber\u00bb _builder_version=\u00bb4.23.2&#8243; _module_preset=\u00bbdefault\u00bb text_font=\u00bbRoboto||||\u00bb text_text_color=\u00bb#FFFFFF\u00bb text_font_size=\u00bb60px\u00bb custom_margin=\u00bb|||\u00bb custom_padding=\u00bb||10px|\u00bb animation_style=\u00bbfade\u00bb animation_delay=\u00bb100ms\u00bb global_colors_info=\u00bb{}\u00bb]<\/p>\n<p>02<\/p>\n<p>[\/et_pb_text][et_pb_text admin_label=\u00bbTitle\u00bb _builder_version=\u00bb4.23.2&#8243; _module_preset=\u00bbdefault\u00bb text_font=\u00bb||||||||\u00bb header_font=\u00bb||||||||\u00bb header_2_font=\u00bb||||||||\u00bb header_4_font=\u00bbRoboto|700||on|||||\u00bb header_4_text_color=\u00bb#FFFFFF\u00bb header_4_letter_spacing=\u00bb1px\u00bb header_4_line_height=\u00bb1.4em\u00bb custom_margin=\u00bb||10px|\u00bb custom_padding=\u00bb|||\u00bb animation_style=\u00bbfade\u00bb global_colors_info=\u00bb{}\u00bb]<\/p>\n<h4>RELLENA TUS DATOS Y ELIGE TU FORMA DE PAGO, CON TARJETA O PAYPAL<\/h4>\n<p>[\/et_pb_text][et_pb_divider color=\u00bb#000000&#8243; divider_weight=\u00bb2px\u00bb disabled_on=\u00bboff|off|off\u00bb _builder_version=\u00bb4.17.4&#8243; _module_preset=\u00bbdefault\u00bb max_width=\u00bb50px\u00bb animation_style=\u00bbfade\u00bb locked=\u00bboff\u00bb global_colors_info=\u00bb{}\u00bb][\/et_pb_divider][\/et_pb_column][et_pb_column type=\u00bb1_3&#8243; _builder_version=\u00bb4.16&#8243; _module_preset=\u00bbdefault\u00bb custom_padding=\u00bb|||\u00bb global_colors_info=\u00bb{}\u00bb custom_padding__hover=\u00bb|||\u00bb][et_pb_text admin_label=\u00bbNumber\u00bb _builder_version=\u00bb4.23.2&#8243; _module_preset=\u00bbdefault\u00bb text_font=\u00bbRoboto||||\u00bb text_text_color=\u00bb#FFFFFF\u00bb text_font_size=\u00bb60px\u00bb custom_margin=\u00bb|||\u00bb custom_padding=\u00bb||10px|\u00bb animation_style=\u00bbfade\u00bb animation_delay=\u00bb200ms\u00bb locked=\u00bboff\u00bb global_colors_info=\u00bb{}\u00bb]<\/p>\n<p>03<\/p>\n<p>[\/et_pb_text][et_pb_text admin_label=\u00bbTitle\u00bb _builder_version=\u00bb4.23.2&#8243; _module_preset=\u00bbdefault\u00bb text_font=\u00bb||||||||\u00bb header_font=\u00bb||||||||\u00bb header_2_font=\u00bb||||||||\u00bb header_4_font=\u00bbRoboto|700||on|||||\u00bb header_4_text_color=\u00bb#FFFFFF\u00bb header_4_letter_spacing=\u00bb1px\u00bb header_4_line_height=\u00bb1.4em\u00bb custom_margin=\u00bb||10px|\u00bb custom_padding=\u00bb|||\u00bb animation_style=\u00bbfade\u00bb locked=\u00bboff\u00bb global_colors_info=\u00bb{}\u00bb]<\/p>\n<h4>RECIBE TU TARJETA EN PDF Y SORPRENDE CON UN REGALO \u00daNICO<\/h4>\n<p>[\/et_pb_text][et_pb_divider color=\u00bb#000000&#8243; divider_weight=\u00bb2px\u00bb disabled_on=\u00bbon|on|off\u00bb _builder_version=\u00bb4.17.4&#8243; _module_preset=\u00bbdefault\u00bb max_width=\u00bb50px\u00bb animation_style=\u00bbfade\u00bb locked=\u00bboff\u00bb global_colors_info=\u00bb{}\u00bb][\/et_pb_divider][\/et_pb_column][\/et_pb_row][\/et_pb_section][et_pb_section fb_built=\u00bb1&#8243; admin_label=\u00bbFeatured Image Section\u00bb _builder_version=\u00bb4.16&#8243; _module_preset=\u00bbdefault\u00bb custom_padding=\u00bb110px|20px|16px|20px||\u00bb global_module=\u00bb93&#8243; saved_tabs=\u00bball\u00bb global_colors_info=\u00bb{}\u00bb][et_pb_row _builder_version=\u00bb4.23.2&#8243; _module_preset=\u00bbdefault\u00bb max_width=\u00bb1544px\u00bb global_colors_info=\u00bb{}\u00bb][et_pb_column type=\u00bb4_4&#8243; _builder_version=\u00bb4.23.2&#8243; _module_preset=\u00bbdefault\u00bb global_colors_info=\u00bb{}\u00bb][et_pb_shop posts_number=\u00bb3&#8243; columns_number=\u00bb3&#8243; show_sale_badge=\u00bboff\u00bb _builder_version=\u00bb4.24.0&#8243; _module_preset=\u00bbdefault\u00bb title_font=\u00bbRoboto|300||on|||||\u00bb title_font_size=\u00bb21px\u00bb price_font=\u00bb|700|||||||\u00bb price_text_color=\u00bbrgba(68,170,221,0.83)\u00bb price_font_size=\u00bb26px\u00bb global_colors_info=\u00bb{}\u00bb][\/et_pb_shop][\/et_pb_column][\/et_pb_row][\/et_pb_section][et_pb_section fb_built=\u00bb1&#8243; admin_label=\u00bbHero Section\u00bb _builder_version=\u00bb4.16&#8243; _module_preset=\u00bbdefault\u00bb background_color=\u00bb#f4f4f4&#8243; custom_margin=\u00bb60px|60px|-2px|60px||\u00bb custom_margin_tablet=\u00bb\u00bb custom_margin_phone=\u00bb0px|0px|0px|0px\u00bb custom_margin_last_edited=\u00bbon|phone\u00bb custom_padding=\u00bb31px|0px|31px|0px|true|\u00bb locked=\u00bboff\u00bb collapsed=\u00bboff\u00bb global_colors_info=\u00bb{}\u00bb theme_builder_area=\u00bbpost_content\u00bb][et_pb_row column_structure=\u00bb1_2,1_2&#8243; _builder_version=\u00bb4.16&#8243; _module_preset=\u00bbdefault\u00bb max_width=\u00bb1280px\u00bb custom_padding=\u00bb|||\u00bb use_custom_width=\u00bbon\u00bb custom_width_px=\u00bb1280px\u00bb collapsed=\u00bboff\u00bb global_colors_info=\u00bb{}\u00bb theme_builder_area=\u00bbpost_content\u00bb][et_pb_column type=\u00bb1_2&#8243; _builder_version=\u00bb4.16&#8243; _module_preset=\u00bbdefault\u00bb custom_padding=\u00bb|||\u00bb global_colors_info=\u00bb{}\u00bb custom_padding__hover=\u00bb|||\u00bb theme_builder_area=\u00bbpost_content\u00bb][et_pb_image src=\u00bbhttps:\/\/bosquemar.com\/tienda\/wp-content\/uploads\/2024\/01\/Copia-de-RESERVA-ANTICIPADA-BOSQUE-MAR-5-1.png\u00bb alt=\u00bbRESERVA ANTICIPADA BOSQUE MAR 5&#8243; title_text=\u00bbRESERVA ANTICIPADA BOSQUE MAR 5&#8243; align=\u00bbcenter\u00bb align_tablet=\u00bbcenter\u00bb align_phone=\u00bbcenter\u00bb align_last_edited=\u00bbon|desktop\u00bb _builder_version=\u00bb4.23.4&#8243; _module_preset=\u00bbdefault\u00bb custom_margin=\u00bb|||\u00bb animation_style=\u00bbslide\u00bb animation_direction=\u00bbright\u00bb animation_intensity_slide=\u00bb4%\u00bb box_shadow_style=\u00bbpreset1&#8243; animation=\u00bboff\u00bb global_colors_info=\u00bb{}\u00bb theme_builder_area=\u00bbpost_content\u00bb][\/et_pb_image][\/et_pb_column][et_pb_column type=\u00bb1_2&#8243; _builder_version=\u00bb4.16&#8243; _module_preset=\u00bbdefault\u00bb custom_padding=\u00bb40px||40px|\u00bb global_colors_info=\u00bb{}\u00bb custom_padding__hover=\u00bb|||\u00bb theme_builder_area=\u00bbpost_content\u00bb][et_pb_text admin_label=\u00bbSubtitle\u00bb _builder_version=\u00bb4.24.0&#8243; _module_preset=\u00bbdefault\u00bb text_font=\u00bbRoboto|700||on|||||\u00bb text_text_color=\u00bb#2a2a2a\u00bb text_font_size=\u00bb18px\u00bb text_letter_spacing=\u00bb4px\u00bb text_orientation=\u00bbright\u00bb custom_margin=\u00bb0px||||false|false\u00bb animation_style=\u00bbzoom\u00bb animation_direction=\u00bbleft\u00bb animation_intensity_zoom=\u00bb10%\u00bb text_orientation_tablet=\u00bb\u00bb text_orientation_phone=\u00bbcenter\u00bb text_orientation_last_edited=\u00bbon|phone\u00bb global_colors_info=\u00bb{}\u00bb theme_builder_area=\u00bbpost_content\u00bb]<\/p>\n<p>escoge tu experiencia ideal<\/p>\n<p>[\/et_pb_text][et_pb_text admin_label=\u00bbTitle\u00bb _builder_version=\u00bb4.24.0&#8243; _module_preset=\u00bbdefault\u00bb text_font=\u00bb||||||||\u00bb header_font=\u00bb||||||||\u00bb header_2_font=\u00bbRoboto|||on|||||\u00bb header_2_text_align=\u00bbright\u00bb header_2_text_color=\u00bb#000000&#8243; header_2_font_size=\u00bb38px\u00bb header_2_letter_spacing=\u00bb4px\u00bb header_2_line_height=\u00bb1.2em\u00bb custom_margin=\u00bb||20px|\u00bb custom_padding=\u00bb|||\u00bb animation_style=\u00bbzoom\u00bb animation_direction=\u00bbleft\u00bb animation_delay=\u00bb50ms\u00bb animation_intensity_zoom=\u00bb10%\u00bb header_2_text_align_tablet=\u00bb\u00bb header_2_text_align_phone=\u00bbcenter\u00bb header_2_text_align_last_edited=\u00bbon|phone\u00bb header_2_font_size_tablet=\u00bb40px\u00bb header_2_font_size_phone=\u00bb24px\u00bb header_2_font_size_last_edited=\u00bbon|phone\u00bb global_colors_info=\u00bb{}\u00bb theme_builder_area=\u00bbpost_content\u00bb]<\/p>\n<h2>Y DESC\u00c1RGALA AUTOM\u00c1TICAMENTE AL HACER TU COMPRA<\/h2>\n<p>[\/et_pb_text][et_pb_button button_url=\u00bbhttps:\/\/bosquemar.com\/tienda\/condiciones-e-informacion\/\u00bb button_text=\u00bbHAZ CLICK PARA VER TODAS LAS CONDICIONES\u00bb button_alignment=\u00bbright\u00bb button_alignment_tablet=\u00bb\u00bb button_alignment_phone=\u00bbcenter\u00bb button_alignment_last_edited=\u00bbon|phone\u00bb _builder_version=\u00bb4.24.0&#8243; _module_preset=\u00bbdefault\u00bb custom_button=\u00bbon\u00bb button_text_size=\u00bb16px\u00bb button_text_color=\u00bb#FFFFFF\u00bb button_bg_color=\u00bbrgba(68,170,221,0.83)\u00bb button_font=\u00bbMontserrat||||||||\u00bb global_colors_info=\u00bb{}\u00bb theme_builder_area=\u00bbpost_content\u00bb][\/et_pb_button][\/et_pb_column][\/et_pb_row][\/et_pb_section][et_pb_section fb_built=\u00bb1&#8243; fullwidth=\u00bbon\u00bb _builder_version=\u00bb4.23.2&#8243; _module_preset=\u00bbdefault\u00bb global_colors_info=\u00bb{}\u00bb][et_pb_fullwidth_image src=\u00bbhttps:\/\/bosquemar.com\/tienda\/wp-content\/uploads\/2023\/12\/A061_10070720_S034-scaled.jpg\u00bb title_text=\u00bbA061_10070720_S034&#8243; _builder_version=\u00bb4.23.2&#8243; _module_preset=\u00bbdefault\u00bb global_colors_info=\u00bb{}\u00bb][\/et_pb_fullwidth_image][\/et_pb_section]<\/p>\n","protected":false},"excerpt":{"rendered":"<p>LAS EXPERIENCIAS CONVERTIDAS EN TARJETA REGALOESTAS SON LAS TRES EXPERIENCIAS BOSQUE MAR QUE PODR\u00c1S ADQUIRIR CONVERTIDAS EN TARJETA REGALO QUE SE DESCARGAR\u00c1 AUTOM\u00c1TICAMENTE01Elige entRE LAS TRES \u00abEXPERIECIAS BOSQUE MAR\u00bb QUE TE PROPONEMOS02RELLENA TUS DATOS Y ELIGE TU FORMA DE PAGO, CON TARJETA O PAYPAL03RECIBE TU TARJETA EN PDF Y SORPRENDE CON UN REGALO \u00daNICOescoge tu [&hellip;]<\/p>\n","protected":false},"author":1,"featured_media":0,"parent":0,"menu_order":0,"comment_status":"closed","ping_status":"closed","template":"","meta":{"_et_pb_use_builder":"on","_et_pb_old_content":"<!-- wp:divi\/placeholder \/-->","_et_gb_content_width":"","footnotes":""},"class_list":["post-86","page","type-page","status-publish","hentry"],"_links":{"self":[{"href":"https:\/\/bosquemar.com\/tienda\/wp-json\/wp\/v2\/pages\/86","targetHints":{"allow":["GET"]}}],"collection":[{"href":"https:\/\/bosquemar.com\/tienda\/wp-json\/wp\/v2\/pages"}],"about":[{"href":"https:\/\/bosquemar.com\/tienda\/wp-json\/wp\/v2\/types\/page"}],"author":[{"embeddable":true,"href":"https:\/\/bosquemar.com\/tienda\/wp-json\/wp\/v2\/users\/1"}],"replies":[{"embeddable":true,"href":"https:\/\/bosquemar.com\/tienda\/wp-json\/wp\/v2\/comments?post=86"}],"version-history":[{"count":5,"href":"https:\/\/bosquemar.com\/tienda\/wp-json\/wp\/v2\/pages\/86\/revisions"}],"predecessor-version":[{"id":197,"href":"https:\/\/bosquemar.com\/tienda\/wp-json\/wp\/v2\/pages\/86\/revisions\/197"}],"wp:attachment":[{"href":"https:\/\/bosquemar.com\/tienda\/wp-json\/wp\/v2\/media?parent=86"}],"curies":[{"name":"wp","href":"https:\/\/api.w.org\/{rel}","templated":true}]}}